{"id":141,"date":"2007-02-02T13:28:35","date_gmt":"2007-02-02T13:28:35","guid":{"rendered":"http:\/\/rocknroll-reporter.de\/blognroll\/?page_id=141"},"modified":"2022-11-13T22:23:41","modified_gmt":"2022-11-13T21:23:41","slug":"impressum","status":"publish","type":"page","link":"https:\/\/tanterock.de\/?page_id=141","title":{"rendered":"Impressum"},"content":{"rendered":"<p>Silke Rockt<br \/>\nE-Mail: silkerockt \u00e4tt gmail punkt com<\/p>\n<p>Haftungshinweis:<br \/>\nTrotz sorgf\u00e4ltiger inhaltlicher Kontrolle \u00fcbernehme ich keine Haftung f\u00fcr die Inhalte externer Links. F\u00fcr den Inhalt der verlinkten Seiten sind ausschlie\u00dflich deren Betreiber verantwortlich.<\/p>\n","protected":false},"excerpt":{"rendered":"<p>Silke Rockt E-Mail: silkerockt \u00e4tt gmail punkt com Haftungshinweis: Trotz sorgf\u00e4ltiger inhaltlicher Kontrolle \u00fcbernehme ich keine Haftung f\u00fcr die Inhalte externer Links. F\u00fcr den Inhalt &hellip; <\/p>\n","protected":false},"author":1,"featured_media":0,"parent":0,"menu_order":0,"comment_status":"closed","ping_status":"closed","template":"","meta":[],"_links":{"self":[{"href":"https:\/\/tanterock.de\/index.php?rest_route=\/wp\/v2\/pages\/141"}],"collection":[{"href":"https:\/\/tanterock.de\/index.php?rest_route=\/wp\/v2\/pages"}],"about":[{"href":"https:\/\/tanterock.de\/index.php?rest_route=\/wp\/v2\/types\/page"}],"author":[{"embeddable":true,"href":"https:\/\/tanterock.de\/index.php?rest_route=\/wp\/v2\/users\/1"}],"replies":[{"embeddable":true,"href":"https:\/\/tanterock.de\/index.php?rest_route=%2Fwp%2Fv2%2Fcomments&post=141"}],"version-history":[{"count":2,"href":"https:\/\/tanterock.de\/index.php?rest_route=\/wp\/v2\/pages\/141\/revisions"}],"predecessor-version":[{"id":1037,"href":"https:\/\/tanterock.de\/index.php?rest_route=\/wp\/v2\/pages\/141\/revisions\/1037"}],"wp:attachment":[{"href":"https:\/\/tanterock.de\/index.php?rest_route=%2Fwp%2Fv2%2Fmedia&parent=141"}],"curies":[{"name":"wp","href":"https:\/\/api.w.org\/{rel}","templated":true}]}}